{"id":1114,"date":"2025-11-24T07:28:59","date_gmt":"2025-11-24T06:28:59","guid":{"rendered":"https:\/\/ledspark.ch\/politique-legal\/"},"modified":"2026-01-23T17:16:25","modified_gmt":"2026-01-23T16:16:25","slug":"politique-de-confidentialite","status":"publish","type":"page","link":"https:\/\/ledspark.ch\/fr\/politique-de-confidentialite\/","title":{"rendered":"Politique de confidentialit\u00e9"},"content":{"rendered":"<section class=\"l-section wpb_row us_custom_4242624c height_auto\"><div class=\"l-section-h i-cf\"><div class=\"g-cols vc_row via_grid cols_1 laptops-cols_inherit tablets-cols_inherit mobiles-cols_1 valign_top type_default stacking_default\"><div class=\"wpb_column vc_column_container\"><div class=\"vc_column-inner\"><h5 class=\"w-text us_custom_0741ea35\"><span class=\"w-text-h\"><span class=\"w-text-value\">Contactez-nous<\/span><\/span><\/h5><nav class=\"g-breadcrumbs us_custom_070588a5 separator_icon align_none\" itemscope itemtype=\"http:\/\/schema.org\/BreadcrumbList\"><div class=\"g-breadcrumbs-item\" itemscope itemprop=\"itemListElement\" itemtype=\"http:\/\/schema.org\/ListItem\"><a itemprop=\"item\" href=\"https:\/\/ledspark.ch\/fr\/\"><span itemprop=\"name\">Accueil<\/span><\/a><meta itemprop=\"position\" content=\"1\"\/><\/div><div class=\"g-breadcrumbs-separator\"><i class=\"far fa-angle-right\"><\/i><\/div><div class=\"g-breadcrumbs-item\">Pages<\/div><\/nav><\/div><\/div><\/div><\/div><\/section><section class=\"l-section wpb_row height_medium\"><div class=\"l-section-h i-cf\"><div class=\"g-cols vc_row via_grid cols_1 laptops-cols_inherit tablets-cols_inherit mobiles-cols_1 valign_top type_default stacking_default\"><div class=\"wpb_column vc_column_container\"><div class=\"vc_column-inner\"><div class=\"wpb_text_column\"><div class=\"wpb_wrapper\"><h5>Qui sommes-nous ?<\/h5>\n<p><strong>L\u2019adresse de notre site Web est :<\/strong> <a href=\"https:\/\/www.ledspark.ch.\">https:\/\/www.ledspark.ch.<\/a><\/p>\n<p><strong>Editeur :<\/strong> LedsPark<br \/>\n<strong>Si\u00e8ge social :<\/strong> <span>Route de la C\u00f4te 27 CH \u2013 1615 Bossonnens<\/span> SUISSE<\/p>\n<p><strong>Ce site est h\u00e9berg\u00e9 par la soci\u00e9t\u00e9 Infomaniak :<\/strong><br \/>\nRue Eug\u00e8ne-Marziano 25,n1227 Gen\u00e8ve SUISSE<\/p>\n<p><strong><a href=\"http:\/\/www.infomaniak.com\">www.infomaniak.com<\/a><\/strong><br \/>\n<a href=\"tel:41%2022%20820%2035%2044\"><strong>+41 22 820 35 44<\/strong><\/a><\/p>\n<h6>Responsabilit\u00e9<\/h6>\n<p>Les articles de ce site peuvent inclure des contenus int\u00e9gr\u00e9s (par exemple des vid\u00e9os, images, articles\u2026). Le contenu int\u00e9gr\u00e9 depuis d\u2019autres sites se comporte de la m\u00eame mani\u00e8re que si le visiteur se rendait sur cet autre site.<br \/>\nCes sites web pourraient collecter des donn\u00e9es sur vous, utiliser des cookies, embarquer des outils de suivis tiers, suivre vos interactions avec ces contenus embarqu\u00e9s si vous disposez d\u2019un compte connect\u00e9 sur leur site web. Nous nous engageons \u00e0 assurer nos meilleurs efforts pour offrir des informations actualis\u00e9es et exactes. Cependant, nous ne saurions \u00eatre tenus pour responsables d\u2019erreurs, d\u2019omissions ou des r\u00e9sultats qui pourraient \u00eatre obtenus par un mauvais usage de ces informations. Nous nous r\u00e9servons le droit de les corriger, d\u00e8s que ces erreurs sont port\u00e9es \u00e0 notre connaissance et, plus g\u00e9n\u00e9ralement, de modifier, \u00e0 tout moment, sans pr\u00e9avis, tout ou partie du Site ainsi que ses conditions d\u2019utilisation, sans que notre responsabilit\u00e9 puisse \u00eatre engag\u00e9e de ce fait. De plus, LedsPark ne pourra en aucun cas \u00eatre responsable en cas de dommages directs et\/ou indirects r\u00e9sultant de l\u2019utilisation de ce Site.<br \/>\nDisponibilit\u00e9 du site Web<\/p>\n<p>Il est techniquement impossible de fournir le Site exempt de tout d\u00e9faut et ces d\u00e9fauts peuvent conduire \u00e0 l\u2019indisponibilit\u00e9 temporaire du Site; le fonctionnement du Site peut \u00eatre affect\u00e9 par des \u00e9v\u00e9nements et\/ou des \u00e9l\u00e9ments que nous ne contr\u00f4lons pas, tels que par exemple, des moyens de transmission et de communication entre vous et nous et entre nous et d\u2019autres r\u00e9seaux ; nous et\/ou nos fournisseurs pourrons, \u00e0 tout moment, modifier ou interrompre temporairement ou de fa\u00e7on permanente tout ou partie du Site pour effectuer des op\u00e9rations de maintenance et\/ou effectuer des am\u00e9liorations et\/ou des modifications sur le Site. Nous vous informerons, si possible, de chaque modification\/interruption des services disponibles sur le Site. Nous ne sommes pas responsables de toute modification, suspension ou interruption du Site.<br \/>\nM\u00e9dias<\/p>\n<p>Si vous \u00eates un utilisateur ou une utilisatrice enregistr\u00e9\u00b7e et que vous t\u00e9l\u00e9versez des images sur le site web, nous vous conseillons d\u2019\u00e9viter de t\u00e9l\u00e9verser des images contenant des donn\u00e9es EXIF de coordonn\u00e9es GPS. Les visiteurs de votre site web peuvent t\u00e9l\u00e9charger et extraire des donn\u00e9es de localisation depuis ces images.<br \/>\nCookies<\/p>\n<p>L\u2019utilisateur est inform\u00e9 que lors de ses visites sur le Site, un cookie peut s\u2019installer automatiquement sur son logiciel de navigation. Un cookie est un \u00e9l\u00e9ment qui ne permet pas d\u2019identifier l\u2019utilisateur mais sert \u00e0 enregistrer des informations relatives \u00e0 la navigation de celui-ci sur le Site. Chaque utilisateur est libre d\u2019accepter ou de refuser les cookies en configurant son navigateur. Le refus d\u2019installation d\u2019un cookie peut entra\u00eener l\u2019impossibilit\u00e9 d\u2019acc\u00e9der \u00e0 certains services. L\u2019utilisateur peut toutefois configurer son ordinateur de la mani\u00e8re suivante, pour refuser l\u2019installation des cookies :<\/p>\n<p><strong>Sous Chrome :<\/strong> Menu \/ Param\u00e8tres \/ Rubrique confidentialit\u00e9 et s\u00e9curit\u00e9 \/ Param\u00e8tres du contenu \/ Cookies.<br \/>\n<strong>Sous Firefox :<\/strong> Menu \/ Options \/ Vie priv\u00e9e et s\u00e9curit\u00e9 \/ Protection contre le pistage.<br \/>\n<strong>Sous Internet Explorer :<\/strong> onglet outil \/ options internet. Cliquez sur Confidentialit\u00e9 et choisissez Bloquer tous les cookies. Validez sur Ok.<br \/>\n<strong>Sous Safari :<\/strong> R\u00e9glages \/ Safari \/ Confidentialit\u00e9 et s\u00e9curit\u00e9<br \/>\nUtilisation des donn\u00e9es personnelles collect\u00e9es<\/p>\n<h6>Vos droits<\/h6>\n<p>Au titre de la r\u00e8glementation en vigueur, vous restez ma\u00eetre de vos donn\u00e9es personnelles, et \u00eates \u00e0 ce titre libre d\u2019en contr\u00f4ler \u00e0 tout instant l\u2019existence, la destination, la teneur et l\u2019\u00e9tendu. Vous pouvez exercer gratuitement et aupr\u00e8s de notre service le droit d\u2019acc\u00e9der \u00e0 vos donn\u00e9es, ainsi que la rectification ou l\u2019effacement de celles-ci, le droit de limiter le traitement dont elles font l\u2019objet ou de s\u2019y opposer et le droit \u00e0 la portabilit\u00e9 de vos donn\u00e9es.<\/p>\n<p>Ces droits concernent l\u2019ensemble de vos donn\u00e9es personnelles ou celles des personnes dont vous \u00eates l\u2019ayant cause.<\/p>\n<p>Pourquoi des donn\u00e9es personnelles vous concernant sont-elles collect\u00e9es par LedsPark ?<\/p>\n<p>LedsPark est responsable de traitement au sens de la loi \u00ab Informatique &amp; Libert\u00e9s \u00bb, collecte et traite des donn\u00e9es personnelles. Ces donn\u00e9es sont n\u00e9cessaires notamment pour vous permettre d\u2019acc\u00e9der aux Services disponibles sur le Site et pour pouvoir remplir le formulaire de contact.<\/p>\n<p>Quelles sont les donn\u00e9es personnelles vous concernant collect\u00e9es par LedsPark ?<\/p>\n<p>Nous collectons des donn\u00e9es d\u00e9claratives ainsi que des donn\u00e9es comportementales.<\/p>\n<p><strong>Donn\u00e9es d\u00e9claratives :<\/strong> LedsPark est susceptible de constituer un ou plusieurs fichiers comportant des informations que vous lui fournissez volontairement pour b\u00e9n\u00e9ficier du service de devis en ligne. Ces Donn\u00e9es Personnelles sont collect\u00e9es lors de vos inscriptions au formulaire de contact suite \u00e0 une demande de devis.<\/p>\n<p><strong>Donn\u00e9es comportementales :<\/strong> LedsPark est \u00e9galement susceptible de proc\u00e9der \u00e0 la collecte de vos donn\u00e9es de navigation gr\u00e2ce aux outils de collecte de donn\u00e9es (cookies, tag, balises, et tout autre moyen technique appropri\u00e9.)<\/p>\n<h6>Comment LedsPark utilise des donn\u00e9es personnelles ?<\/h6>\n<p><strong>Donn\u00e9es d\u00e9claratives<\/strong><\/p>\n<p>Elles pourront \u00eatre utilis\u00e9es par LedsPark afin de construire un fichier clients et prendre contact avec vous. Conform\u00e9ment \u00e0 la r\u00e9glementation en vigueur, les donn\u00e9es d\u00e9claratives peuvent \u00eatre transmises aux autorit\u00e9s comp\u00e9tentes sur requ\u00eate.<\/p>\n<p><strong>Donn\u00e9es comportementales<\/strong><\/p>\n<p>Les Outils permettent, lors de chacune de vos visites, de r\u00e9aliser des \u00e9tudes statistiques globales sur l\u2019audience de nos Services, d\u2019adapter le contenu d\u2019un service ou d\u2019une offre publicitaire \u00e0 vos donn\u00e9es comportementales et, plus g\u00e9n\u00e9ralement, d\u2019\u00e9tudier votre comportement durant votre navigation sur le Site afin de vous offrir une meilleure exp\u00e9rience de navigation et d\u2019usage de nos Services. Conform\u00e9ment \u00e0 la r\u00e9glementation en vigueur, les donn\u00e9es comportementales peuvent \u00eatre transmises aux autorit\u00e9s comp\u00e9tentes sur requ\u00eate.<\/p>\n<p><strong>S\u00e9curit\u00e9 et dur\u00e9e de conservation des Donn\u00e9es Personnelles<\/strong><\/p>\n<p>LedsPark met en \u0153uvre tous les moyens n\u00e9cessaires en vue de garantir la s\u00e9curit\u00e9 de vos Donn\u00e9es Personnelles et prend toutes les mesures appropri\u00e9es aux fins de restreindre les risques de perte, d\u00e9t\u00e9rioration ou mauvaise utilisation de celles-ci.<\/p>\n<p>Les donn\u00e9es personnelles recueillies par l\u2019Entreprise ne sont en aucun cas c\u00e9d\u00e9es, lou\u00e9es ou \u00e9chang\u00e9es \u00e0 des tiers.<\/p>\n<p>Nous pourrons toutefois \u00eatre amen\u00e9s \u00e0 divulguer des informations personnelles vous concernant sans votre accord pr\u00e9alable, dans la seule hypoth\u00e8se o\u00f9 nous aurions des raisons de croire que cela est n\u00e9cessaire pour identifier, entrer en contact ou engager des poursuites judiciaires contre une personne qui pourrait causer un pr\u00e9judice ou interf\u00e9rer avec les droits ou la propri\u00e9t\u00e9 de l\u2019Entreprise (de mani\u00e8re intentionnelle ou non) ou, aupr\u00e8s de toute personne qui pourrait \u00eatre affect\u00e9e par ces activit\u00e9s.<\/p>\n<p>Nous pourrons par ailleurs transmettre des informations vous concernant si l\u2019Entreprise acquiert une autre soci\u00e9t\u00e9 ou fait l\u2019objet d\u2019un rachat, d\u2019une fusion, d\u2019une absorption, d\u2019un regroupement ou d\u2019une r\u00e9organisation de quelque nature que ce soit.<\/p>\n<p>L\u2019Entreprise fait par ailleurs ses meilleurs efforts pour assurer la protection de vos donn\u00e9es notamment vis-\u00e0-vis de tiers non autoris\u00e9s et met en oeuvre, tant au moment de la d\u00e9termination des moyens du traitement qu\u2019au moment du traitement lui-m\u00eame, des mesures techniques, de s\u00e9curit\u00e9 et organisationnelles appropri\u00e9es. L\u2019Entreprise s\u2019engage \u00e0 ne prendre que des mesures consistant \u00e0 limiter et circonscrire par d\u00e9faut le traitement des donn\u00e9es personnelles aux seules finalit\u00e9s poursuivies par ce traitement.<\/p>\n<p>L\u2019Entreprise ne saurait \u00eatre tenue pour responsable de quelle mani\u00e8re que ce soit des cons\u00e9quences d\u2019une utilisation non autoris\u00e9e de ces donn\u00e9es.<\/p>\n<p><strong>Donn\u00e9es collect\u00e9es de mani\u00e8re automatique<\/strong><\/p>\n<p>Lors de votre navigation sur le site, votre terminal de connexion (ordinateur, tablette, smartphone, etc.) dialogue avec un serveur qui lui fournit toutes les ressources demand\u00e9es en enregistrant automatiquement chaque op\u00e9ration dans un fichier sp\u00e9cifique o\u00f9 votre terminal de connexion est identifi\u00e9 par son adresse IP. Votre navigateur nous transmet ainsi automatiquement certaines donn\u00e9es standards (adresses IP, syst\u00e8me d\u2019exploitation, navigateur, etc.). Cette collecte automatique nous permet \u00e9ventuellement de surveiller l\u2019activit\u00e9 g\u00e9n\u00e9rale du site et ne nous permet aucunement de vous identifier nominativement.<br \/>\nComment exercer vos droits d\u2019acc\u00e8s, de rectification et d\u2019opposition concernant vos donn\u00e9es personnelles ?<\/p>\n<p>Vous pouvez demander la communication de vos Donn\u00e9es Personnelles et exiger qu\u2019elles soient, selon les cas, rectifi\u00e9es, compl\u00e9t\u00e9es, mises \u00e0 jour, verrouill\u00e9es ou effac\u00e9es.<\/p>\n<p>Vous pouvez exercer ces droits, sans frais, hormis ceux li\u00e9s \u00e0 la transmission de la sollicitation, en vous adressant \u00e0 l\u2019adresse suivante :<\/p>\n<p><a href=\"mailto:info@ledspark.ch\"><strong>info@ledspark.ch<\/strong> <\/a>\u2013 LedsPark, <span>Route de la C\u00f4te 27 CH \u2013 1615 Bossonnens<\/span><\/p>\n<p>Vos demandes devront \u00eatre pr\u00e9sent\u00e9es par \u00e9crit et devront \u00eatre sign\u00e9es et accompagn\u00e9es de la photocopie d\u2019un titre d\u2019identit\u00e9 portant votre signature. La demande devra pr\u00e9ciser l\u2019adresse \u00e0 laquelle devra parvenir la r\u00e9ponse. LedsPark disposera d\u2019un d\u00e9lai de 2 (deux) mois pour r\u00e9pondre suivant r\u00e9ception de votre demande.<\/p>\n<\/div><\/div><\/div><\/div><\/div><\/div><\/section>\n","protected":false},"excerpt":{"rendered":"Contactez-nousAccueilPagesQui sommes-nous ? L\u2019adresse de notre site Web est : https:\/\/www.ledspark.ch. Editeur : LedsPark Si\u00e8ge social : Route de la C\u00f4te 27 CH \u2013 1615 Bossonnens SUISSE Ce site est h\u00e9berg\u00e9 par la soci\u00e9t\u00e9 Infomaniak : Rue Eug\u00e8ne-Marziano 25,n1227 Gen\u00e8ve SUISSE www.infomaniak.com +41 22 820 35 44 Responsabilit\u00e9 Les articles de ce site peuvent inclure...","protected":false},"author":2,"featured_media":0,"parent":0,"menu_order":0,"comment_status":"closed","ping_status":"closed","template":"","meta":{"footnotes":""},"class_list":["post-1114","page","type-page","status-publish","hentry"],"yoast_head":"<!-- This site is optimized with the Yoast SEO plugin v26.8 - https:\/\/yoast.com\/product\/yoast-seo-wordpress\/ -->\n<title>Politique de confidentialit\u00e9 - LEDsPARK<\/title>\n<meta name=\"robots\" content=\"index, follow, max-snippet:-1, max-image-preview:large, max-video-preview:-1\" \/>\n<link rel=\"canonical\" href=\"https:\/\/ledspark.ch\/fr\/politique-de-confidentialite\/\" \/>\n<meta property=\"og:locale\" content=\"fr_FR\" \/>\n<meta property=\"og:type\" content=\"article\" \/>\n<meta property=\"og:title\" content=\"Politique de confidentialit\u00e9 - LEDsPARK\" \/>\n<meta property=\"og:url\" content=\"https:\/\/ledspark.ch\/fr\/politique-de-confidentialite\/\" \/>\n<meta property=\"og:site_name\" content=\"LEDsPARK\" \/>\n<meta property=\"article:modified_time\" content=\"2026-01-23T16:16:25+00:00\" \/>\n<meta name=\"twitter:card\" content=\"summary_large_image\" \/>\n<meta name=\"twitter:label1\" content=\"Dur\u00e9e de lecture estim\u00e9e\" \/>\n\t<meta name=\"twitter:data1\" content=\"7 minutes\" \/>\n<script type=\"application\/ld+json\" class=\"yoast-schema-graph\">{\"@context\":\"https:\/\/schema.org\",\"@graph\":[{\"@type\":\"WebPage\",\"@id\":\"https:\/\/ledspark.ch\/fr\/politique-de-confidentialite\/\",\"url\":\"https:\/\/ledspark.ch\/fr\/politique-de-confidentialite\/\",\"name\":\"Politique de confidentialit\u00e9 - LEDsPARK\",\"isPartOf\":{\"@id\":\"https:\/\/ledspark.ch\/#website\"},\"datePublished\":\"2025-11-24T06:28:59+00:00\",\"dateModified\":\"2026-01-23T16:16:25+00:00\",\"breadcrumb\":{\"@id\":\"https:\/\/ledspark.ch\/fr\/politique-de-confidentialite\/#breadcrumb\"},\"inLanguage\":\"fr-FR\",\"potentialAction\":[{\"@type\":\"ReadAction\",\"target\":[\"https:\/\/ledspark.ch\/fr\/politique-de-confidentialite\/\"]}]},{\"@type\":\"BreadcrumbList\",\"@id\":\"https:\/\/ledspark.ch\/fr\/politique-de-confidentialite\/#breadcrumb\",\"itemListElement\":[{\"@type\":\"ListItem\",\"position\":1,\"name\":\"Home\",\"item\":\"https:\/\/ledspark.ch\/fr\/\"},{\"@type\":\"ListItem\",\"position\":2,\"name\":\"Politique de confidentialit\u00e9\"}]},{\"@type\":\"WebSite\",\"@id\":\"https:\/\/ledspark.ch\/#website\",\"url\":\"https:\/\/ledspark.ch\/\",\"name\":\"LEDsPARK\",\"description\":\"\",\"publisher\":{\"@id\":\"https:\/\/ledspark.ch\/#organization\"},\"potentialAction\":[{\"@type\":\"SearchAction\",\"target\":{\"@type\":\"EntryPoint\",\"urlTemplate\":\"https:\/\/ledspark.ch\/?s={search_term_string}\"},\"query-input\":{\"@type\":\"PropertyValueSpecification\",\"valueRequired\":true,\"valueName\":\"search_term_string\"}}],\"inLanguage\":\"fr-FR\"},{\"@type\":\"Organization\",\"@id\":\"https:\/\/ledspark.ch\/#organization\",\"name\":\"LEDsPARK\",\"url\":\"https:\/\/ledspark.ch\/\",\"logo\":{\"@type\":\"ImageObject\",\"inLanguage\":\"fr-FR\",\"@id\":\"https:\/\/ledspark.ch\/#\/schema\/logo\/image\/\",\"url\":\"https:\/\/ledspark.ch\/wp-content\/uploads\/2025\/12\/LesPark_LOGO_icon.png\",\"contentUrl\":\"https:\/\/ledspark.ch\/wp-content\/uploads\/2025\/12\/LesPark_LOGO_icon.png\",\"width\":324,\"height\":268,\"caption\":\"LEDsPARK\"},\"image\":{\"@id\":\"https:\/\/ledspark.ch\/#\/schema\/logo\/image\/\"}}]}<\/script>\n<!-- \/ Yoast SEO plugin. -->","yoast_head_json":{"title":"Politique de confidentialit\u00e9 - LEDsPARK","robots":{"index":"index","follow":"follow","max-snippet":"max-snippet:-1","max-image-preview":"max-image-preview:large","max-video-preview":"max-video-preview:-1"},"canonical":"https:\/\/ledspark.ch\/fr\/politique-de-confidentialite\/","og_locale":"fr_FR","og_type":"article","og_title":"Politique de confidentialit\u00e9 - LEDsPARK","og_url":"https:\/\/ledspark.ch\/fr\/politique-de-confidentialite\/","og_site_name":"LEDsPARK","article_modified_time":"2026-01-23T16:16:25+00:00","twitter_card":"summary_large_image","twitter_misc":{"Dur\u00e9e de lecture estim\u00e9e":"7 minutes"},"schema":{"@context":"https:\/\/schema.org","@graph":[{"@type":"WebPage","@id":"https:\/\/ledspark.ch\/fr\/politique-de-confidentialite\/","url":"https:\/\/ledspark.ch\/fr\/politique-de-confidentialite\/","name":"Politique de confidentialit\u00e9 - LEDsPARK","isPartOf":{"@id":"https:\/\/ledspark.ch\/#website"},"datePublished":"2025-11-24T06:28:59+00:00","dateModified":"2026-01-23T16:16:25+00:00","breadcrumb":{"@id":"https:\/\/ledspark.ch\/fr\/politique-de-confidentialite\/#breadcrumb"},"inLanguage":"fr-FR","potentialAction":[{"@type":"ReadAction","target":["https:\/\/ledspark.ch\/fr\/politique-de-confidentialite\/"]}]},{"@type":"BreadcrumbList","@id":"https:\/\/ledspark.ch\/fr\/politique-de-confidentialite\/#breadcrumb","itemListElement":[{"@type":"ListItem","position":1,"name":"Home","item":"https:\/\/ledspark.ch\/fr\/"},{"@type":"ListItem","position":2,"name":"Politique de confidentialit\u00e9"}]},{"@type":"WebSite","@id":"https:\/\/ledspark.ch\/#website","url":"https:\/\/ledspark.ch\/","name":"LEDsPARK","description":"","publisher":{"@id":"https:\/\/ledspark.ch\/#organization"},"potentialAction":[{"@type":"SearchAction","target":{"@type":"EntryPoint","urlTemplate":"https:\/\/ledspark.ch\/?s={search_term_string}"},"query-input":{"@type":"PropertyValueSpecification","valueRequired":true,"valueName":"search_term_string"}}],"inLanguage":"fr-FR"},{"@type":"Organization","@id":"https:\/\/ledspark.ch\/#organization","name":"LEDsPARK","url":"https:\/\/ledspark.ch\/","logo":{"@type":"ImageObject","inLanguage":"fr-FR","@id":"https:\/\/ledspark.ch\/#\/schema\/logo\/image\/","url":"https:\/\/ledspark.ch\/wp-content\/uploads\/2025\/12\/LesPark_LOGO_icon.png","contentUrl":"https:\/\/ledspark.ch\/wp-content\/uploads\/2025\/12\/LesPark_LOGO_icon.png","width":324,"height":268,"caption":"LEDsPARK"},"image":{"@id":"https:\/\/ledspark.ch\/#\/schema\/logo\/image\/"}}]}},"_links":{"self":[{"href":"https:\/\/ledspark.ch\/fr\/wp-json\/wp\/v2\/pages\/1114","targetHints":{"allow":["GET"]}}],"collection":[{"href":"https:\/\/ledspark.ch\/fr\/wp-json\/wp\/v2\/pages"}],"about":[{"href":"https:\/\/ledspark.ch\/fr\/wp-json\/wp\/v2\/types\/page"}],"author":[{"embeddable":true,"href":"https:\/\/ledspark.ch\/fr\/wp-json\/wp\/v2\/users\/2"}],"replies":[{"embeddable":true,"href":"https:\/\/ledspark.ch\/fr\/wp-json\/wp\/v2\/comments?post=1114"}],"version-history":[{"count":5,"href":"https:\/\/ledspark.ch\/fr\/wp-json\/wp\/v2\/pages\/1114\/revisions"}],"predecessor-version":[{"id":1294,"href":"https:\/\/ledspark.ch\/fr\/wp-json\/wp\/v2\/pages\/1114\/revisions\/1294"}],"wp:attachment":[{"href":"https:\/\/ledspark.ch\/fr\/wp-json\/wp\/v2\/media?parent=1114"}],"curies":[{"name":"wp","href":"https:\/\/api.w.org\/{rel}","templated":true}]}}