{"id":865,"date":"2025-11-21T11:09:49","date_gmt":"2025-11-21T11:09:49","guid":{"rendered":"https:\/\/ledspark.ch\/accueil\/"},"modified":"2026-01-23T15:49:59","modified_gmt":"2026-01-23T15:49:59","slug":"accueil","status":"publish","type":"page","link":"https:\/\/ledspark.ch\/fr\/","title":{"rendered":"Accueil"},"content":{"rendered":"<section class=\"l-section wpb_row us_custom_9dea67d0 height_medium\" id=\"hero-section\"><div class=\"l-section-h i-cf\"><div class=\"g-cols vc_row via_grid cols_1 laptops-cols_inherit tablets-cols_inherit mobiles-cols_1 valign_middle type_default stacking_default\" style=\"--columns-gap:2rem;\"><div class=\"wpb_column vc_column_container\"><div class=\"vc_column-inner\"><div class=\"wpb_text_column us_custom_cc546f8c has_text_color us_animate_this\"><div class=\"wpb_wrapper\"><h2 style=\"text-align: center; font-size: 65px;\">Votre sp\u00e9cialiste <span class=\"text-gradient-green\">digital LED<\/span>.<\/h2>\n<\/div><\/div><\/div><\/div><\/div><\/div><\/section><section class=\"l-section wpb_row us_custom_7cc0201a green-top-border height_auto\"><div class=\"l-section-h i-cf\"><div class=\"g-cols vc_row via_grid cols_1 laptops-cols_inherit tablets-cols_inherit mobiles-cols_1 valign_middle type_default stacking_default\" style=\"--columns-gap:2rem;\"><div class=\"wpb_column vc_column_container\"><div class=\"vc_column-inner\"><div class=\"g-cols wpb_row us_custom_28ce6291 us_animate_this via_grid cols_2 laptops-cols_inherit tablets-cols_inherit mobiles-cols_1 valign_middle type_default stacking_default\" style=\"--columns-gap:1.7rem;\" id=\"info-box-div\"><div class=\"wpb_column vc_column_container\"><div class=\"vc_column-inner\"><div class=\"w-image us_custom_8ff855ea align_center\"><div class=\"w-image-h\"><img decoding=\"async\" width=\"2560\" height=\"1920\" src=\"https:\/\/ledspark.ch\/wp-content\/uploads\/2026\/01\/Megascreen_Vevey-scaled.jpg\" class=\"attachment-full size-full\" alt=\"\" loading=\"lazy\" srcset=\"https:\/\/ledspark.ch\/wp-content\/uploads\/2026\/01\/Megascreen_Vevey-scaled.jpg 2560w, https:\/\/ledspark.ch\/wp-content\/uploads\/2026\/01\/Megascreen_Vevey-300x225.jpg 300w, https:\/\/ledspark.ch\/wp-content\/uploads\/2026\/01\/Megascreen_Vevey-1024x768.jpg 1024w\" sizes=\"auto, (max-width: 2560px) 100vw, 2560px\" \/><\/div><\/div><\/div><\/div><div class=\"wpb_column vc_column_container\"><div class=\"vc_column-inner\"><div class=\"wpb_text_column us_custom_b59429a3 has_text_color\"><div class=\"wpb_wrapper\"><p>Leader en solutions et conceptions <span style=\"color: #0095c7;\">d\u2019affichage digital ext\u00e9rieur et int\u00e9rieur<\/span><\/p>\n<\/div><\/div><div class=\"wpb_text_column us_custom_0f8f44b7\"><div class=\"wpb_wrapper\"><p>De la publicit\u00e9 LED audacieuse aux solutions num\u00e9riques sur mesure, nous aidons les marques \u00e0 se d\u00e9marquer dans toute la Suisse. Cr\u00e9atif, innovant et con\u00e7u pour avoir un impact.<\/p>\n<\/div><\/div><div class=\"w-btn-wrapper align_none\"><a class=\"w-btn us-btn-style_2 us_custom_7400b520\" href=\"https:\/\/ledspark.ch\/fr\/publicite\/\"><span class=\"w-btn-label\">D\u00e9couvrez notre r\u00e9seau digital<\/span><\/a><\/div><\/div><\/div><\/div><div class=\"g-cols wpb_row us_custom_10679678 via_grid cols_3 laptops-cols_inherit tablets-cols_inherit mobiles-cols_1 valign_top type_default stacking_default equal_height\" style=\"--columns-gap:2rem;\" id=\"services-div\"><div class=\"wpb_column vc_column_container\"><div class=\"vc_column-inner\"><div class=\"w-flipbox animation_cubeflip direction_w\"><div class=\"w-flipbox-h easing_ease\" style=\"transition-duration:1s;\"><div class=\"w-flipbox-hh\"><div class=\"w-flipbox-front\"><div class=\"w-flipbox-front-h\"><div class=\"w-flipbox-front-icon style_default\" style=\"font-size:6rem;color:#000000;\"><i class=\"far fa-bullhorn\"><\/i><\/div><h4 class=\"w-flipbox-front-title\">Publicit\u00e9<\/h4><\/div><\/div><div class=\"w-flipbox-back\" style=\"display:none;background:linear-gradient(80deg, #0095c7 0%,#69cf4d 100%);color:#000000;\"><div class=\"w-flipbox-back-h\"><h4 class=\"w-flipbox-back-title\">Publicit\u00e9<\/h4><div class=\"w-flipbox-back-desc\"><p>D\u00e9couvrez notre r\u00e9seau digital DOOH.<\/p>\n<\/div><a href=\"https:\/\/ledspark.ch\/fr\/publicite\/\" class=\"w-btn us-btn-style_2\" style=\"font-size:12px\"><span class=\"w-btn-label\">En savoir plus<\/span><\/a><\/div><\/div><div class=\"w-flipbox-yflank\" style=\"display:none;background:#e1e3e6;\"><\/div><\/div><\/div><\/div><\/div><\/div><div class=\"wpb_column vc_column_container\"><div class=\"vc_column-inner\"><div class=\"w-flipbox animation_cubeflip direction_w\"><div class=\"w-flipbox-h easing_ease\" style=\"transition-duration:1s;\"><div class=\"w-flipbox-hh\"><div class=\"w-flipbox-front\"><div class=\"w-flipbox-front-h\"><div class=\"w-flipbox-front-icon style_default\" style=\"font-size:6rem;color:#000000;\"><i class=\"far fa-laptop\"><\/i><\/div><h4 class=\"w-flipbox-front-title\">Acheter un \u00e9cran LED<\/h4><\/div><\/div><div class=\"w-flipbox-back\" style=\"display:none;background:linear-gradient(80deg, #0095c7 0%,#69cf4d 100%);color:#000000;\"><div class=\"w-flipbox-back-h\"><h4 class=\"w-flipbox-back-title\">Acheter un \u00e9cran LED<\/h4><div class=\"w-flipbox-back-desc\"><p>Des solutions sur mesure adapt\u00e9 \u00e0 vos besoins pour vos projets les plus fous !<\/p>\n<\/div><a href=\"https:\/\/ledspark.ch\/fr\/acheter-un-ecran\/\" class=\"w-btn us-btn-style_2\" style=\"font-size:12px\"><span class=\"w-btn-label\">En savoir plus<\/span><\/a><\/div><\/div><div class=\"w-flipbox-yflank\" style=\"display:none;background:#e1e3e6;\"><\/div><\/div><\/div><\/div><\/div><\/div><div class=\"wpb_column vc_column_container\"><div class=\"vc_column-inner\"><div class=\"w-flipbox animation_cubeflip direction_w\"><div class=\"w-flipbox-h easing_ease\" style=\"transition-duration:1s;\"><div class=\"w-flipbox-hh\"><div class=\"w-flipbox-front\"><div class=\"w-flipbox-front-h\"><div class=\"w-flipbox-front-icon style_default\" style=\"font-size:6rem;color:#000000;\"><i class=\"far fa-calendar-day\"><\/i><\/div><h4 class=\"w-flipbox-front-title\">Location d\u2019\u00e9crans<\/h4><\/div><\/div><div class=\"w-flipbox-back\" style=\"display:none;background:linear-gradient(80deg, #0095c7 0%,#69cf4d 100%);color:#000000;\"><div class=\"w-flipbox-back-h\"><h4 class=\"w-flipbox-back-title\">Location d\u2019\u00e9crans<\/h4><div class=\"w-flipbox-back-desc\"><p>Dynamisez vos \u00e9v\u00e9nements en b\u00e9n\u00e9ficiant de nos \u00e9crans LED derni\u00e8re g\u00e9n\u00e9ration. Usage indoor \/ outdoor de 3 \u00e0 50 m2<\/p>\n<\/div><a href=\"https:\/\/ledspark.ch\/fr\/location-decrans\/\" class=\"w-btn us-btn-style_2\" style=\"font-size:12px\"><span class=\"w-btn-label\">En savoir plus<\/span><\/a><\/div><\/div><div class=\"w-flipbox-yflank\" style=\"display:none;background:#e1e3e6;\"><\/div><\/div><\/div><\/div><\/div><\/div><\/div><\/div><\/div><\/div><\/div><\/section>\n","protected":false},"excerpt":{"rendered":"Votre sp\u00e9cialiste digital LED. Leader en solutions et conceptions d\u2019affichage digital ext\u00e9rieur et int\u00e9rieur De la publicit\u00e9 LED audacieuse aux solutions num\u00e9riques sur mesure, nous aidons les marques \u00e0 se d\u00e9marquer dans toute la Suisse. Cr\u00e9atif, innovant et con\u00e7u pour avoir un impact. D\u00e9couvrez notre r\u00e9seau digitalPublicit\u00e9Publicit\u00e9D\u00e9couvrez notre r\u00e9seau digital DOOH. En savoir plusAcheter un...","protected":false},"author":2,"featured_media":0,"parent":0,"menu_order":0,"comment_status":"closed","ping_status":"closed","template":"","meta":{"footnotes":""},"class_list":["post-865","page","type-page","status-publish","hentry"],"yoast_head":"<!-- This site is optimized with the Yoast SEO plugin v26.8 - https:\/\/yoast.com\/product\/yoast-seo-wordpress\/ -->\n<title>LEDsParl - Votre sp\u00e9cialiste digital LED<\/title>\n<meta name=\"description\" content=\"Leader en solutions et conceptions d\u2019affichage digital ext\u00e9rieur et int\u00e9rieur. De la publicit\u00e9 LED audacieuse aux solutions num\u00e9riques sur mesure, nous aidons les marques \u00e0 se d\u00e9marquer dans toute la Suisse.\" \/>\n<meta name=\"robots\" content=\"index, follow, max-snippet:-1, max-image-preview:large, max-video-preview:-1\" \/>\n<link rel=\"canonical\" href=\"https:\/\/ledspark.ch\/fr\/\" \/>\n<meta property=\"og:locale\" content=\"fr_FR\" \/>\n<meta property=\"og:type\" content=\"article\" \/>\n<meta property=\"og:title\" content=\"LEDsParl - Votre sp\u00e9cialiste digital LED\" \/>\n<meta property=\"og:description\" content=\"Leader en solutions et conceptions d\u2019affichage digital ext\u00e9rieur et int\u00e9rieur. De la publicit\u00e9 LED audacieuse aux solutions num\u00e9riques sur mesure, nous aidons les marques \u00e0 se d\u00e9marquer dans toute la Suisse.\" \/>\n<meta property=\"og:url\" content=\"https:\/\/ledspark.ch\/fr\/\" \/>\n<meta property=\"og:site_name\" content=\"LEDsPARK\" \/>\n<meta property=\"article:modified_time\" content=\"2026-01-23T15:49:59+00:00\" \/>\n<meta name=\"twitter:card\" content=\"summary_large_image\" \/>\n<meta name=\"twitter:label1\" content=\"Dur\u00e9e de lecture estim\u00e9e\" \/>\n\t<meta name=\"twitter:data1\" content=\"1 minute\" \/>\n<script type=\"application\/ld+json\" class=\"yoast-schema-graph\">{\"@context\":\"https:\/\/schema.org\",\"@graph\":[{\"@type\":\"WebPage\",\"@id\":\"https:\/\/ledspark.ch\/fr\/\",\"url\":\"https:\/\/ledspark.ch\/fr\/\",\"name\":\"LEDsParl - Votre sp\u00e9cialiste digital LED\",\"isPartOf\":{\"@id\":\"https:\/\/ledspark.ch\/#website\"},\"datePublished\":\"2025-11-21T11:09:49+00:00\",\"dateModified\":\"2026-01-23T15:49:59+00:00\",\"description\":\"Leader en solutions et conceptions d\u2019affichage digital ext\u00e9rieur et int\u00e9rieur. De la publicit\u00e9 LED audacieuse aux solutions num\u00e9riques sur mesure, nous aidons les marques \u00e0 se d\u00e9marquer dans toute la Suisse.\",\"breadcrumb\":{\"@id\":\"https:\/\/ledspark.ch\/fr\/#breadcrumb\"},\"inLanguage\":\"fr-FR\",\"potentialAction\":[{\"@type\":\"ReadAction\",\"target\":[\"https:\/\/ledspark.ch\/fr\/\"]}]},{\"@type\":\"BreadcrumbList\",\"@id\":\"https:\/\/ledspark.ch\/fr\/#breadcrumb\",\"itemListElement\":[{\"@type\":\"ListItem\",\"position\":1,\"name\":\"Home\",\"item\":\"https:\/\/ledspark.ch\/fr\/\"},{\"@type\":\"ListItem\",\"position\":2,\"name\":\"Accueil\"}]},{\"@type\":\"WebSite\",\"@id\":\"https:\/\/ledspark.ch\/#website\",\"url\":\"https:\/\/ledspark.ch\/\",\"name\":\"LEDsPARK\",\"description\":\"\",\"publisher\":{\"@id\":\"https:\/\/ledspark.ch\/#organization\"},\"potentialAction\":[{\"@type\":\"SearchAction\",\"target\":{\"@type\":\"EntryPoint\",\"urlTemplate\":\"https:\/\/ledspark.ch\/?s={search_term_string}\"},\"query-input\":{\"@type\":\"PropertyValueSpecification\",\"valueRequired\":true,\"valueName\":\"search_term_string\"}}],\"inLanguage\":\"fr-FR\"},{\"@type\":\"Organization\",\"@id\":\"https:\/\/ledspark.ch\/#organization\",\"name\":\"LEDsPARK\",\"url\":\"https:\/\/ledspark.ch\/\",\"logo\":{\"@type\":\"ImageObject\",\"inLanguage\":\"fr-FR\",\"@id\":\"https:\/\/ledspark.ch\/#\/schema\/logo\/image\/\",\"url\":\"https:\/\/ledspark.ch\/wp-content\/uploads\/2025\/12\/LesPark_LOGO_icon.png\",\"contentUrl\":\"https:\/\/ledspark.ch\/wp-content\/uploads\/2025\/12\/LesPark_LOGO_icon.png\",\"width\":324,\"height\":268,\"caption\":\"LEDsPARK\"},\"image\":{\"@id\":\"https:\/\/ledspark.ch\/#\/schema\/logo\/image\/\"}}]}<\/script>\n<!-- \/ Yoast SEO plugin. -->","yoast_head_json":{"title":"LEDsParl - Votre sp\u00e9cialiste digital LED","description":"Leader en solutions et conceptions d\u2019affichage digital ext\u00e9rieur et int\u00e9rieur. De la publicit\u00e9 LED audacieuse aux solutions num\u00e9riques sur mesure, nous aidons les marques \u00e0 se d\u00e9marquer dans toute la Suisse.","robots":{"index":"index","follow":"follow","max-snippet":"max-snippet:-1","max-image-preview":"max-image-preview:large","max-video-preview":"max-video-preview:-1"},"canonical":"https:\/\/ledspark.ch\/fr\/","og_locale":"fr_FR","og_type":"article","og_title":"LEDsParl - Votre sp\u00e9cialiste digital LED","og_description":"Leader en solutions et conceptions d\u2019affichage digital ext\u00e9rieur et int\u00e9rieur. De la publicit\u00e9 LED audacieuse aux solutions num\u00e9riques sur mesure, nous aidons les marques \u00e0 se d\u00e9marquer dans toute la Suisse.","og_url":"https:\/\/ledspark.ch\/fr\/","og_site_name":"LEDsPARK","article_modified_time":"2026-01-23T15:49:59+00:00","twitter_card":"summary_large_image","twitter_misc":{"Dur\u00e9e de lecture estim\u00e9e":"1 minute"},"schema":{"@context":"https:\/\/schema.org","@graph":[{"@type":"WebPage","@id":"https:\/\/ledspark.ch\/fr\/","url":"https:\/\/ledspark.ch\/fr\/","name":"LEDsParl - Votre sp\u00e9cialiste digital LED","isPartOf":{"@id":"https:\/\/ledspark.ch\/#website"},"datePublished":"2025-11-21T11:09:49+00:00","dateModified":"2026-01-23T15:49:59+00:00","description":"Leader en solutions et conceptions d\u2019affichage digital ext\u00e9rieur et int\u00e9rieur. De la publicit\u00e9 LED audacieuse aux solutions num\u00e9riques sur mesure, nous aidons les marques \u00e0 se d\u00e9marquer dans toute la Suisse.","breadcrumb":{"@id":"https:\/\/ledspark.ch\/fr\/#breadcrumb"},"inLanguage":"fr-FR","potentialAction":[{"@type":"ReadAction","target":["https:\/\/ledspark.ch\/fr\/"]}]},{"@type":"BreadcrumbList","@id":"https:\/\/ledspark.ch\/fr\/#breadcrumb","itemListElement":[{"@type":"ListItem","position":1,"name":"Home","item":"https:\/\/ledspark.ch\/fr\/"},{"@type":"ListItem","position":2,"name":"Accueil"}]},{"@type":"WebSite","@id":"https:\/\/ledspark.ch\/#website","url":"https:\/\/ledspark.ch\/","name":"LEDsPARK","description":"","publisher":{"@id":"https:\/\/ledspark.ch\/#organization"},"potentialAction":[{"@type":"SearchAction","target":{"@type":"EntryPoint","urlTemplate":"https:\/\/ledspark.ch\/?s={search_term_string}"},"query-input":{"@type":"PropertyValueSpecification","valueRequired":true,"valueName":"search_term_string"}}],"inLanguage":"fr-FR"},{"@type":"Organization","@id":"https:\/\/ledspark.ch\/#organization","name":"LEDsPARK","url":"https:\/\/ledspark.ch\/","logo":{"@type":"ImageObject","inLanguage":"fr-FR","@id":"https:\/\/ledspark.ch\/#\/schema\/logo\/image\/","url":"https:\/\/ledspark.ch\/wp-content\/uploads\/2025\/12\/LesPark_LOGO_icon.png","contentUrl":"https:\/\/ledspark.ch\/wp-content\/uploads\/2025\/12\/LesPark_LOGO_icon.png","width":324,"height":268,"caption":"LEDsPARK"},"image":{"@id":"https:\/\/ledspark.ch\/#\/schema\/logo\/image\/"}}]}},"_links":{"self":[{"href":"https:\/\/ledspark.ch\/fr\/wp-json\/wp\/v2\/pages\/865","targetHints":{"allow":["GET"]}}],"collection":[{"href":"https:\/\/ledspark.ch\/fr\/wp-json\/wp\/v2\/pages"}],"about":[{"href":"https:\/\/ledspark.ch\/fr\/wp-json\/wp\/v2\/types\/page"}],"author":[{"embeddable":true,"href":"https:\/\/ledspark.ch\/fr\/wp-json\/wp\/v2\/users\/2"}],"replies":[{"embeddable":true,"href":"https:\/\/ledspark.ch\/fr\/wp-json\/wp\/v2\/comments?post=865"}],"version-history":[{"count":26,"href":"https:\/\/ledspark.ch\/fr\/wp-json\/wp\/v2\/pages\/865\/revisions"}],"predecessor-version":[{"id":1241,"href":"https:\/\/ledspark.ch\/fr\/wp-json\/wp\/v2\/pages\/865\/revisions\/1241"}],"wp:attachment":[{"href":"https:\/\/ledspark.ch\/fr\/wp-json\/wp\/v2\/media?parent=865"}],"curies":[{"name":"wp","href":"https:\/\/api.w.org\/{rel}","templated":true}]}}