{"id":930,"date":"2025-12-11T15:00:11","date_gmt":"2025-12-11T15:00:11","guid":{"rendered":"https:\/\/ledspark.ch\/location-evenements\/"},"modified":"2026-01-22T17:50:00","modified_gmt":"2026-01-22T17:50:00","slug":"location-decrans","status":"publish","type":"page","link":"https:\/\/ledspark.ch\/fr\/location-decrans\/","title":{"rendered":"Location d&rsquo;\u00e9crans"},"content":{"rendered":"<section class=\"l-section wpb_row us_custom_9dea67d0 height_medium\" id=\"hero-section\"><div class=\"l-section-h i-cf\"><div class=\"g-cols vc_row via_grid cols_1 laptops-cols_inherit tablets-cols_inherit mobiles-cols_1 valign_middle type_default stacking_default\" style=\"--columns-gap:2rem;\"><div class=\"wpb_column vc_column_container\"><div class=\"vc_column-inner\"><div class=\"wpb_text_column us_custom_cc546f8c has_text_color us_animate_this\"><div class=\"wpb_wrapper\"><h2 style=\"text-align: center; font-size: 65px;\">Louez <span class=\"text-gradient-green\">nos \u00e9crans<\/span> pour votre \u00e9v\u00e9nement.<\/h2>\n<\/div><\/div><\/div><\/div><\/div><\/div><\/section><section class=\"l-section wpb_row us_custom_7cc0201a green-top-border height_auto\"><div class=\"l-section-h i-cf\"><div class=\"g-cols vc_row via_grid cols_1 laptops-cols_inherit tablets-cols_inherit mobiles-cols_1 valign_middle type_default stacking_default\" style=\"--columns-gap:2rem;\"><div class=\"wpb_column vc_column_container\"><div class=\"vc_column-inner\"><div class=\"g-cols wpb_row us_custom_28ce6291 us_animate_this via_grid cols_2 laptops-cols_inherit tablets-cols_inherit mobiles-cols_1 valign_middle type_default stacking_default\" style=\"--columns-gap:1.7rem;\" id=\"info-box-div\"><div class=\"wpb_column vc_column_container\"><div class=\"vc_column-inner\"><div class=\"w-image us_custom_e9ad1f75 align_center\"><div class=\"w-image-h\"><img decoding=\"async\" width=\"1920\" height=\"2560\" src=\"https:\/\/ledspark.ch\/wp-content\/uploads\/2025\/12\/IMG_4681-scaled.jpg\" class=\"attachment-full size-full\" alt=\"\" loading=\"lazy\" \/><\/div><\/div><\/div><\/div><div class=\"wpb_column vc_column_container us_custom_97e4a6d6\"><div class=\"vc_column-inner\"><div class=\"wpb_text_column us_custom_1f605b06 has_text_color\"><div class=\"wpb_wrapper\"><h2>Votre <span style=\"color: #c40d58;\">\u00e9v\u00e9nement<\/span> a-t-il besoin d&rsquo;un coup de pouce visuel\u00a0?<\/h2>\n<\/div><\/div><div class=\"wpb_text_column us_custom_0f8f44b7\"><div class=\"wpb_wrapper\"><p>Les \u00e9crans et produits num\u00e9riques sont devenus essentiels pour offrir une visibilit\u00e9 dynamique et optimale \u00e0 tout \u00e9v\u00e9nement.<br \/>\nQuelle que soit l\u2019envergure de votre \u00e9v\u00e9nement, notre exp\u00e9rience et nos gammes de produits dynamiques vous offriront des solutions de communication fiables.<\/p>\n<\/div><\/div><\/div><\/div><\/div><\/div><\/div><\/div><\/div><\/section><section class=\"l-section wpb_row us_custom_216069b3 height_medium\"><div class=\"l-section-h i-cf\"><div class=\"g-cols vc_row via_grid cols_1 laptops-cols_inherit tablets-cols_inherit mobiles-cols_1 valign_top type_default stacking_default\"><div class=\"wpb_column vc_column_container\"><div class=\"vc_column-inner\"><div class=\"g-cols wpb_row us_custom_10679678 via_grid cols_4 laptops-cols_inherit tablets-cols_inherit mobiles-cols_1 valign_top type_default stacking_default\" style=\"--columns-gap:2rem;\"><div class=\"wpb_column vc_column_container\"><div class=\"vc_column-inner\"><div class=\"w-flipbox animation_coveropen direction_e\"><div class=\"w-flipbox-h easing_ease\" style=\"transition-duration:0.5s;\"><div class=\"w-flipbox-hh\"><div class=\"w-flipbox-front\"><div class=\"w-flipbox-front-h\"><div class=\"w-flipbox-front-icon type_image\"><img loading=\"lazy\" decoding=\"async\" width=\"273\" height=\"300\" src=\"https:\/\/ledspark.ch\/wp-content\/uploads\/2025\/12\/One_picture-273x300.png\" class=\"attachment-medium size-medium\" alt=\"\" srcset=\"https:\/\/ledspark.ch\/wp-content\/uploads\/2025\/12\/One_picture-273x300.png 273w, https:\/\/ledspark.ch\/wp-content\/uploads\/2025\/12\/One_picture.png 303w\" sizes=\"auto, (max-width: 273px) 100vw, 273px\" \/><\/div><\/div><\/div><div class=\"w-flipbox-back\" style=\"display:none;background:#000000;color:#ffffff;\"><div class=\"w-flipbox-back-h\"><div class=\"w-flipbox-back-desc\"><p>Ensemble, nous pouvons d\u00e9finir vos besoins<\/p>\n<\/div><\/div><\/div><\/div><\/div><\/div><\/div><\/div><div class=\"wpb_column vc_column_container\" id=\"second-box\"><div class=\"vc_column-inner\"><div class=\"w-flipbox animation_coveropen direction_se\"><div class=\"w-flipbox-h easing_ease\" style=\"transition-duration:0.5s;\"><div class=\"w-flipbox-hh\"><div class=\"w-flipbox-front\"><div class=\"w-flipbox-front-h\"><div class=\"w-flipbox-front-icon type_image\"><img loading=\"lazy\" decoding=\"async\" width=\"273\" height=\"300\" src=\"https:\/\/ledspark.ch\/wp-content\/uploads\/2025\/12\/Two_picture2-273x300.png\" class=\"attachment-medium size-medium\" alt=\"\" srcset=\"https:\/\/ledspark.ch\/wp-content\/uploads\/2025\/12\/Two_picture2-273x300.png 273w, https:\/\/ledspark.ch\/wp-content\/uploads\/2025\/12\/Two_picture2.png 303w\" sizes=\"auto, (max-width: 273px) 100vw, 273px\" \/><\/div><\/div><\/div><div class=\"w-flipbox-back\" style=\"display:none;background:#000;color:#fff;\"><div class=\"w-flipbox-back-h\"><div class=\"w-flipbox-back-desc\"><p>Nous visiterons le lieu de votre \u00e9v\u00e9nement pour nous assurer que nous avons tout pour vous fournir une offre compl\u00e8te<\/p>\n<\/div><\/div><\/div><\/div><\/div><\/div><\/div><\/div><div class=\"wpb_column vc_column_container\"><div class=\"vc_column-inner\"><div class=\"w-flipbox animation_coveropen direction_w\"><div class=\"w-flipbox-h easing_ease\" style=\"transition-duration:0.5s;\"><div class=\"w-flipbox-hh\"><div class=\"w-flipbox-front\"><div class=\"w-flipbox-front-h\"><div class=\"w-flipbox-front-icon type_image\"><img loading=\"lazy\" decoding=\"async\" width=\"273\" height=\"300\" src=\"https:\/\/ledspark.ch\/wp-content\/uploads\/2025\/12\/Three_picture-273x300.png\" class=\"attachment-medium size-medium\" alt=\"\" srcset=\"https:\/\/ledspark.ch\/wp-content\/uploads\/2025\/12\/Three_picture-273x300.png 273w, https:\/\/ledspark.ch\/wp-content\/uploads\/2025\/12\/Three_picture.png 303w\" sizes=\"auto, (max-width: 273px) 100vw, 273px\" \/><\/div><\/div><\/div><div class=\"w-flipbox-back\" style=\"display:none;background:#000;color:#fff;\"><div class=\"w-flipbox-back-h\"><div class=\"w-flipbox-back-desc\"><p>Nous installons les \u00e9crans pour votre \u00e9v\u00e9nement<\/p>\n<\/div><\/div><\/div><\/div><\/div><\/div><\/div><\/div><div class=\"wpb_column vc_column_container\"><div class=\"vc_column-inner\"><div class=\"w-flipbox animation_coveropen direction_sw\"><div class=\"w-flipbox-h easing_ease\" style=\"transition-duration:0.5s;\"><div class=\"w-flipbox-hh\"><div class=\"w-flipbox-front\"><div class=\"w-flipbox-front-h\"><div class=\"w-flipbox-front-icon type_image\"><img loading=\"lazy\" decoding=\"async\" width=\"273\" height=\"300\" src=\"https:\/\/ledspark.ch\/wp-content\/uploads\/2025\/12\/Four_picture-273x300.png\" class=\"attachment-medium size-medium\" alt=\"\" srcset=\"https:\/\/ledspark.ch\/wp-content\/uploads\/2025\/12\/Four_picture-273x300.png 273w, https:\/\/ledspark.ch\/wp-content\/uploads\/2025\/12\/Four_picture.png 303w\" sizes=\"auto, (max-width: 273px) 100vw, 273px\" \/><\/div><\/div><\/div><div class=\"w-flipbox-back\" style=\"display:none;background:#000;color:#fff;\"><div class=\"w-flipbox-back-h\"><div class=\"w-flipbox-back-desc\"><p>Nous assurons \u00e9galement le d\u00e9montage des \u00e9crans pour votre \u00e9v\u00e9nement<\/p>\n<\/div><\/div><\/div><\/div><\/div><\/div><\/div><\/div><\/div><div class=\"w-separator size_medium\"><\/div><div class=\"g-cols wpb_row via_grid cols_3 laptops-cols_inherit tablets-cols_inherit mobiles-cols_1 valign_top type_default stacking_default\" style=\"--columns-gap:3rem;\"><div class=\"wpb_column vc_column_container\"><div class=\"vc_column-inner\"><div class=\"w-iconbox iconpos_left style_default color_primary align_left no_text\"><div class=\"w-iconbox-icon\" style=\"font-size:2rem;\"><i class=\"fad fa-star\"><\/i><\/div><div class=\"w-iconbox-meta\"><h6 class=\"w-iconbox-title\">L\u00e9ger et facile \u00e0 manipuler<\/h6><\/div><\/div><div class=\"w-separator size_medium\"><\/div><div class=\"w-iconbox iconpos_left style_default color_primary align_left no_text\"><div class=\"w-iconbox-icon\" style=\"font-size:2rem;\"><i class=\"fad fa-star\"><\/i><\/div><div class=\"w-iconbox-meta\"><h6 class=\"w-iconbox-title\">Service complet et \u00e9crans \u00e9tanches<\/h6><\/div><\/div><\/div><\/div><div class=\"wpb_column vc_column_container\"><div class=\"vc_column-inner\"><div class=\"w-iconbox iconpos_left style_default color_primary align_left no_text\"><div class=\"w-iconbox-icon\" style=\"font-size:2rem;\"><i class=\"fad fa-star\"><\/i><\/div><div class=\"w-iconbox-meta\"><h6 class=\"w-iconbox-title\">Diff\u00e9rentes options de tailles<\/h6><\/div><\/div><div class=\"w-separator size_medium\"><\/div><div class=\"w-iconbox iconpos_left style_default color_primary align_left no_text\"><div class=\"w-iconbox-icon\" style=\"font-size:2rem;\"><i class=\"fad fa-star\"><\/i><\/div><div class=\"w-iconbox-meta\"><h6 class=\"w-iconbox-title\">Visibilit\u00e9 de jour comme de nuit<\/h6><\/div><\/div><\/div><\/div><div class=\"wpb_column vc_column_container\"><div class=\"vc_column-inner\"><div class=\"w-iconbox iconpos_left style_default color_primary align_left no_text\"><div class=\"w-iconbox-icon\" style=\"font-size:2rem;\"><i class=\"fad fa-star\"><\/i><\/div><div class=\"w-iconbox-meta\"><h6 class=\"w-iconbox-title\">Transport facile et montage rapide<\/h6><\/div><\/div><div class=\"w-separator size_medium\"><\/div><div class=\"w-iconbox iconpos_left style_default color_primary align_left no_text\"><div class=\"w-iconbox-icon\" style=\"font-size:2rem;\"><i class=\"fad fa-star\"><\/i><\/div><div class=\"w-iconbox-meta\"><h6 class=\"w-iconbox-title\">Technicien d\u00e9di\u00e9 \u00e0 l\u2019ex\u00e9cution de l\u2019affichage<\/h6><\/div><\/div><\/div><\/div><\/div><\/div><\/div><\/div><\/div><\/section>\n","protected":false},"excerpt":{"rendered":"Louez nos \u00e9crans pour votre \u00e9v\u00e9nement. Votre \u00e9v\u00e9nement a-t-il besoin d&rsquo;un coup de pouce visuel\u00a0? Les \u00e9crans et produits num\u00e9riques sont devenus essentiels pour offrir une visibilit\u00e9 dynamique et optimale \u00e0 tout \u00e9v\u00e9nement. Quelle que soit l\u2019envergure de votre \u00e9v\u00e9nement, notre exp\u00e9rience et nos gammes de produits dynamiques vous offriront des solutions de communication fiables....","protected":false},"author":1,"featured_media":0,"parent":0,"menu_order":0,"comment_status":"closed","ping_status":"closed","template":"","meta":{"footnotes":""},"class_list":["post-930","page","type-page","status-publish","hentry"],"yoast_head":"<!-- This site is optimized with the Yoast SEO plugin v26.8 - https:\/\/yoast.com\/product\/yoast-seo-wordpress\/ -->\n<title>Location d&#039;\u00e9crans - LEDsPARK<\/title>\n<meta name=\"robots\" content=\"index, follow, max-snippet:-1, max-image-preview:large, max-video-preview:-1\" \/>\n<link rel=\"canonical\" href=\"https:\/\/ledspark.ch\/fr\/location-decrans\/\" \/>\n<meta property=\"og:locale\" content=\"fr_FR\" \/>\n<meta property=\"og:type\" content=\"article\" \/>\n<meta property=\"og:title\" content=\"Location d&#039;\u00e9crans - LEDsPARK\" \/>\n<meta property=\"og:url\" content=\"https:\/\/ledspark.ch\/fr\/location-decrans\/\" \/>\n<meta property=\"og:site_name\" content=\"LEDsPARK\" \/>\n<meta property=\"article:modified_time\" content=\"2026-01-22T17:50:00+00:00\" \/>\n<meta name=\"twitter:card\" content=\"summary_large_image\" \/>\n<meta name=\"twitter:label1\" content=\"Dur\u00e9e de lecture estim\u00e9e\" \/>\n\t<meta name=\"twitter:data1\" content=\"5 minutes\" \/>\n<script type=\"application\/ld+json\" class=\"yoast-schema-graph\">{\"@context\":\"https:\/\/schema.org\",\"@graph\":[{\"@type\":\"WebPage\",\"@id\":\"https:\/\/ledspark.ch\/fr\/location-decrans\/\",\"url\":\"https:\/\/ledspark.ch\/fr\/location-decrans\/\",\"name\":\"Location d'\u00e9crans - LEDsPARK\",\"isPartOf\":{\"@id\":\"https:\/\/ledspark.ch\/#website\"},\"datePublished\":\"2025-12-11T15:00:11+00:00\",\"dateModified\":\"2026-01-22T17:50:00+00:00\",\"breadcrumb\":{\"@id\":\"https:\/\/ledspark.ch\/fr\/location-decrans\/#breadcrumb\"},\"inLanguage\":\"fr-FR\",\"potentialAction\":[{\"@type\":\"ReadAction\",\"target\":[\"https:\/\/ledspark.ch\/fr\/location-decrans\/\"]}]},{\"@type\":\"BreadcrumbList\",\"@id\":\"https:\/\/ledspark.ch\/fr\/location-decrans\/#breadcrumb\",\"itemListElement\":[{\"@type\":\"ListItem\",\"position\":1,\"name\":\"Home\",\"item\":\"https:\/\/ledspark.ch\/fr\/\"},{\"@type\":\"ListItem\",\"position\":2,\"name\":\"Location d&#8217;\u00e9crans\"}]},{\"@type\":\"WebSite\",\"@id\":\"https:\/\/ledspark.ch\/#website\",\"url\":\"https:\/\/ledspark.ch\/\",\"name\":\"LEDsPARK\",\"description\":\"\",\"publisher\":{\"@id\":\"https:\/\/ledspark.ch\/#organization\"},\"potentialAction\":[{\"@type\":\"SearchAction\",\"target\":{\"@type\":\"EntryPoint\",\"urlTemplate\":\"https:\/\/ledspark.ch\/?s={search_term_string}\"},\"query-input\":{\"@type\":\"PropertyValueSpecification\",\"valueRequired\":true,\"valueName\":\"search_term_string\"}}],\"inLanguage\":\"fr-FR\"},{\"@type\":\"Organization\",\"@id\":\"https:\/\/ledspark.ch\/#organization\",\"name\":\"LEDsPARK\",\"url\":\"https:\/\/ledspark.ch\/\",\"logo\":{\"@type\":\"ImageObject\",\"inLanguage\":\"fr-FR\",\"@id\":\"https:\/\/ledspark.ch\/#\/schema\/logo\/image\/\",\"url\":\"https:\/\/ledspark.ch\/wp-content\/uploads\/2025\/12\/LesPark_LOGO_icon.png\",\"contentUrl\":\"https:\/\/ledspark.ch\/wp-content\/uploads\/2025\/12\/LesPark_LOGO_icon.png\",\"width\":324,\"height\":268,\"caption\":\"LEDsPARK\"},\"image\":{\"@id\":\"https:\/\/ledspark.ch\/#\/schema\/logo\/image\/\"}}]}<\/script>\n<!-- \/ Yoast SEO plugin. -->","yoast_head_json":{"title":"Location d'\u00e9crans - LEDsPARK","robots":{"index":"index","follow":"follow","max-snippet":"max-snippet:-1","max-image-preview":"max-image-preview:large","max-video-preview":"max-video-preview:-1"},"canonical":"https:\/\/ledspark.ch\/fr\/location-decrans\/","og_locale":"fr_FR","og_type":"article","og_title":"Location d'\u00e9crans - LEDsPARK","og_url":"https:\/\/ledspark.ch\/fr\/location-decrans\/","og_site_name":"LEDsPARK","article_modified_time":"2026-01-22T17:50:00+00:00","twitter_card":"summary_large_image","twitter_misc":{"Dur\u00e9e de lecture estim\u00e9e":"5 minutes"},"schema":{"@context":"https:\/\/schema.org","@graph":[{"@type":"WebPage","@id":"https:\/\/ledspark.ch\/fr\/location-decrans\/","url":"https:\/\/ledspark.ch\/fr\/location-decrans\/","name":"Location d'\u00e9crans - LEDsPARK","isPartOf":{"@id":"https:\/\/ledspark.ch\/#website"},"datePublished":"2025-12-11T15:00:11+00:00","dateModified":"2026-01-22T17:50:00+00:00","breadcrumb":{"@id":"https:\/\/ledspark.ch\/fr\/location-decrans\/#breadcrumb"},"inLanguage":"fr-FR","potentialAction":[{"@type":"ReadAction","target":["https:\/\/ledspark.ch\/fr\/location-decrans\/"]}]},{"@type":"BreadcrumbList","@id":"https:\/\/ledspark.ch\/fr\/location-decrans\/#breadcrumb","itemListElement":[{"@type":"ListItem","position":1,"name":"Home","item":"https:\/\/ledspark.ch\/fr\/"},{"@type":"ListItem","position":2,"name":"Location d&#8217;\u00e9crans"}]},{"@type":"WebSite","@id":"https:\/\/ledspark.ch\/#website","url":"https:\/\/ledspark.ch\/","name":"LEDsPARK","description":"","publisher":{"@id":"https:\/\/ledspark.ch\/#organization"},"potentialAction":[{"@type":"SearchAction","target":{"@type":"EntryPoint","urlTemplate":"https:\/\/ledspark.ch\/?s={search_term_string}"},"query-input":{"@type":"PropertyValueSpecification","valueRequired":true,"valueName":"search_term_string"}}],"inLanguage":"fr-FR"},{"@type":"Organization","@id":"https:\/\/ledspark.ch\/#organization","name":"LEDsPARK","url":"https:\/\/ledspark.ch\/","logo":{"@type":"ImageObject","inLanguage":"fr-FR","@id":"https:\/\/ledspark.ch\/#\/schema\/logo\/image\/","url":"https:\/\/ledspark.ch\/wp-content\/uploads\/2025\/12\/LesPark_LOGO_icon.png","contentUrl":"https:\/\/ledspark.ch\/wp-content\/uploads\/2025\/12\/LesPark_LOGO_icon.png","width":324,"height":268,"caption":"LEDsPARK"},"image":{"@id":"https:\/\/ledspark.ch\/#\/schema\/logo\/image\/"}}]}},"_links":{"self":[{"href":"https:\/\/ledspark.ch\/fr\/wp-json\/wp\/v2\/pages\/930","targetHints":{"allow":["GET"]}}],"collection":[{"href":"https:\/\/ledspark.ch\/fr\/wp-json\/wp\/v2\/pages"}],"about":[{"href":"https:\/\/ledspark.ch\/fr\/wp-json\/wp\/v2\/types\/page"}],"author":[{"embeddable":true,"href":"https:\/\/ledspark.ch\/fr\/wp-json\/wp\/v2\/users\/1"}],"replies":[{"embeddable":true,"href":"https:\/\/ledspark.ch\/fr\/wp-json\/wp\/v2\/comments?post=930"}],"version-history":[{"count":5,"href":"https:\/\/ledspark.ch\/fr\/wp-json\/wp\/v2\/pages\/930\/revisions"}],"predecessor-version":[{"id":1239,"href":"https:\/\/ledspark.ch\/fr\/wp-json\/wp\/v2\/pages\/930\/revisions\/1239"}],"wp:attachment":[{"href":"https:\/\/ledspark.ch\/fr\/wp-json\/wp\/v2\/media?parent=930"}],"curies":[{"name":"wp","href":"https:\/\/api.w.org\/{rel}","templated":true}]}}