{"id":937,"date":"2025-11-24T05:54:59","date_gmt":"2025-11-24T04:54:59","guid":{"rendered":"https:\/\/ledspark.ch\/contactez-nous\/"},"modified":"2026-02-23T17:15:09","modified_gmt":"2026-02-23T16:15:09","slug":"contactez-nous","status":"publish","type":"page","link":"https:\/\/ledspark.ch\/fr\/contactez-nous\/","title":{"rendered":"Contactez-nous"},"content":{"rendered":"<section class=\"l-section wpb_row us_custom_9dea67d0 height_medium\" id=\"hero-section\"><div class=\"l-section-h i-cf\"><div class=\"g-cols vc_row via_grid cols_1 laptops-cols_inherit tablets-cols_inherit mobiles-cols_1 valign_middle type_default stacking_default\" style=\"--columns-gap:2rem;\"><div class=\"wpb_column vc_column_container\"><div class=\"vc_column-inner\"><div class=\"wpb_text_column us_custom_cc546f8c has_text_color us_animate_this\"><div class=\"wpb_wrapper\"><h2 style=\"text-align: center; font-size: 65px;\">Trouvez la <span class=\"text-gradient-green\">solution LED<\/span> adapt\u00e9e \u00e0 votre projet.<\/h2>\n<\/div><\/div><\/div><\/div><\/div><\/div><\/section><section class=\"l-section wpb_row green-top-border height_auto\"><div class=\"l-section-h i-cf\"><div class=\"g-cols vc_row via_grid cols_1 laptops-cols_inherit tablets-cols_inherit mobiles-cols_1 valign_middle type_default stacking_default\" style=\"--columns-gap:2rem;\"><div class=\"wpb_column vc_column_container\"><div class=\"vc_column-inner\"><div class=\"g-cols wpb_row us_custom_25e87af5 us_animate_this via_grid cols_1-4-1 laptops-cols_inherit tablets-cols_inherit mobiles-cols_1 valign_middle type_default stacking_default\" style=\"--columns-gap:0rem;\" id=\"info-box-div\"><div class=\"wpb_column vc_column_container\"><div class=\"vc_column-inner\"><\/div><\/div><div class=\"wpb_column vc_column_container\"><div class=\"vc_column-inner\"><div class=\"wpb_text_column\"><div class=\"wpb_wrapper\"><p>Avez-vous des questions\u00a0? Avez-vous besoin d&rsquo;un devis\u00a0?<br \/>\nN&rsquo;h\u00e9sitez pas \u00e0 nous contacter, nous serons ravis de vous r\u00e9pondre.<\/p>\n<\/div><\/div><div class=\"w-separator size_small\"><\/div><form class=\"w-form  us-field-style_1 layout_ver show_message_after_sending for_cform us_form_1 validate_by_recaptcha\" action=\"https:\/\/ledspark.ch\/fr\/wp-json\/wp\/v2\/pages\/937\" method=\"post\"><div class=\"w-form-h\"><div class=\"w-form-row for_text required\">\r\n\t\t<div class=\"w-form-row-field\">\r\n\t\t\t\t\t\t<input aria-label=\"Nom\" type=\"text\" name=\"us_form_1_text_1\" value placeholder=\"Nom *\" data-required=\"true\" aria-required=\"true\"\/>\r\n\t\t\t<\/div>\r\n\t\t<div class=\"w-form-row-state\">Vous devez remplir ce champ<\/div>\r\n<\/div>\r\n<div class=\"w-form-row for_email required\">\r\n\t\t<div class=\"w-form-row-field\">\r\n\t\t\t\t\t\t<input aria-label=\"E-mail\" type=\"email\" name=\"us_form_1_email_1\" value placeholder=\"E-mail *\" data-required=\"true\" aria-required=\"true\"\/>\r\n\t\t\t<\/div>\r\n\t\t<div class=\"w-form-row-state\">Veuillez saisir une adresse e-mail valide.<\/div>\r\n<\/div>\r\n<div class=\"w-form-row for_text\">\r\n\t\t<div class=\"w-form-row-field\">\r\n\t\t\t\t\t\t<input aria-label=\"T\u00e9l\u00e9phone\" inputmode=\"tel\" type=\"text\" name=\"us_form_1_text_2\" value placeholder=\"T\u00e9l\u00e9phone\"\/>\r\n\t\t\t<\/div>\r\n\t\t<div class=\"w-form-row-state\">Vous devez remplir ce champ<\/div>\r\n<\/div>\r\n<div class=\"w-form-row for_textarea required\">\r\n\t\t<div class=\"w-form-row-field\">\r\n\t\t\t\t\t\t<textarea aria-label=\"Message\" name=\"us_form_1_textarea_1\" placeholder=\"Message *\" data-required=\"true\" aria-required=\"true\"><\/textarea>\r\n\t\t\t<\/div>\r\n\t\t<div class=\"w-form-row-state\">Vous devez remplir ce champ<\/div>\r\n<\/div>\r\n<div class=\"w-form-row for_captcha required\">\r\n\t<div class=\"w-form-row-label\">\r\n\t\t<span> <span>25 + 4 = ?<\/span><\/span>\r\n\t<\/div>\r\n\t<div class=\"w-form-row-field\">\r\n\t\t\t\t<input type=\"hidden\" name=\"us_form_1_captcha_1_hash\" value=\"c73ded89feac142ca1d6a4a779b218b0\" \/>\r\n\t\t\t\t<input aria-label=\"us_form_1_captcha_1\" type=\"text\" name=\"us_form_1_captcha_1\" placeholder data-required=\"true\" aria-required=\"true\"\/>\r\n\t\t\t<\/div>\r\n\t\t<div class=\"w-form-row-state\">Entrer le r\u00e9sultat de l'op\u00e9ration pour continuer<\/div>\r\n<\/div>\r\n<input type=\"hidden\" name=\"action\" value=\"us_ajax_cform\" \/>\r\n<input type=\"hidden\" name=\"post_id\" value=\"0\" \/>\r\n<input type=\"hidden\" name=\"form_index\" value=\"1\" \/>\r\n<div class=\"w-form-row for_submit align_none\">\r\n\t<button class=\"w-btn  us-btn-style_1\" aria-label=\"Envoyer\" type=\"submit\">\r\n\t\t<span class=\"g-preloader type_1\"><\/span>\r\n\t\t\t\t<span class=\"w-btn-label\">Envoyer<\/span>\r\n\t\t\t<\/button>\r\n\t<\/div>\r\n<\/div><div class=\"w-form-message\"><\/div><div class=\"w-form-json hidden\" onclick='return {&quot;ajaxurl&quot;:&quot;https:\\\/\\\/ledspark.ch\\\/wp-admin\\\/admin-ajax.php&quot;,&quot;messages&quot;:{&quot;err_empty&quot;:&quot;Vous devez remplir ce champ&quot;,&quot;err_size&quot;:&quot;La taille du fichier ne peut pas d\\u00e9passer %s Mo&quot;,&quot;err_extension&quot;:&quot;Le type de fichier %s n&#039;est pas autoris\\u00e9&quot;,&quot;err_recaptcha_keys&quot;:&quot;Les cl\\u00e9s reCAPTCHA sont incorrectes&quot;},&quot;recaptcha_site_key&quot;:&quot;6LdFXXUsAAAAABxdXW0DwjvbhLRCpujPVqGWqSTf&quot;}'><\/div><\/form><\/div><\/div><div class=\"wpb_column vc_column_container\"><div class=\"vc_column-inner\"><\/div><\/div><\/div><div class=\"w-separator size_medium\"><\/div><\/div><\/div><\/div><\/div><\/section>\n","protected":false},"excerpt":{"rendered":"Trouvez la solution LED adapt\u00e9e \u00e0 votre projet. Avez-vous des questions\u00a0? Avez-vous besoin d&rsquo;un devis\u00a0? N&rsquo;h\u00e9sitez pas \u00e0 nous contacter, nous serons ravis de vous r\u00e9pondre. Vous devez remplir ce champ Veuillez saisir une adresse e-mail valide. Vous devez remplir ce champ Vous devez remplir ce champ 16 + 1 = ? Entrer le r\u00e9sultat...","protected":false},"author":2,"featured_media":0,"parent":0,"menu_order":0,"comment_status":"closed","ping_status":"closed","template":"","meta":{"footnotes":""},"class_list":["post-937","page","type-page","status-publish","hentry"],"yoast_head":"<!-- This site is optimized with the Yoast SEO plugin v26.8 - https:\/\/yoast.com\/product\/yoast-seo-wordpress\/ -->\n<title>Contactez-nous - LEDsPARK<\/title>\n<meta name=\"robots\" content=\"index, follow, max-snippet:-1, max-image-preview:large, max-video-preview:-1\" \/>\n<link rel=\"canonical\" href=\"https:\/\/ledspark.ch\/fr\/contactez-nous\/\" \/>\n<meta property=\"og:locale\" content=\"fr_FR\" \/>\n<meta property=\"og:type\" content=\"article\" \/>\n<meta property=\"og:title\" content=\"Contactez-nous - LEDsPARK\" \/>\n<meta property=\"og:url\" content=\"https:\/\/ledspark.ch\/fr\/contactez-nous\/\" \/>\n<meta property=\"og:site_name\" content=\"LEDsPARK\" \/>\n<meta property=\"article:modified_time\" content=\"2026-02-23T16:15:09+00:00\" \/>\n<meta name=\"twitter:card\" content=\"summary_large_image\" \/>\n<meta name=\"twitter:label1\" content=\"Dur\u00e9e de lecture estim\u00e9e\" \/>\n\t<meta name=\"twitter:data1\" content=\"1 minute\" \/>\n<script type=\"application\/ld+json\" class=\"yoast-schema-graph\">{\"@context\":\"https:\/\/schema.org\",\"@graph\":[{\"@type\":\"WebPage\",\"@id\":\"https:\/\/ledspark.ch\/fr\/contactez-nous\/\",\"url\":\"https:\/\/ledspark.ch\/fr\/contactez-nous\/\",\"name\":\"Contactez-nous - LEDsPARK\",\"isPartOf\":{\"@id\":\"https:\/\/ledspark.ch\/#website\"},\"datePublished\":\"2025-11-24T04:54:59+00:00\",\"dateModified\":\"2026-02-23T16:15:09+00:00\",\"breadcrumb\":{\"@id\":\"https:\/\/ledspark.ch\/fr\/contactez-nous\/#breadcrumb\"},\"inLanguage\":\"fr-FR\",\"potentialAction\":[{\"@type\":\"ReadAction\",\"target\":[\"https:\/\/ledspark.ch\/fr\/contactez-nous\/\"]}]},{\"@type\":\"BreadcrumbList\",\"@id\":\"https:\/\/ledspark.ch\/fr\/contactez-nous\/#breadcrumb\",\"itemListElement\":[{\"@type\":\"ListItem\",\"position\":1,\"name\":\"Home\",\"item\":\"https:\/\/ledspark.ch\/fr\/\"},{\"@type\":\"ListItem\",\"position\":2,\"name\":\"Contactez-nous\"}]},{\"@type\":\"WebSite\",\"@id\":\"https:\/\/ledspark.ch\/#website\",\"url\":\"https:\/\/ledspark.ch\/\",\"name\":\"LEDsPARK\",\"description\":\"\",\"publisher\":{\"@id\":\"https:\/\/ledspark.ch\/#organization\"},\"potentialAction\":[{\"@type\":\"SearchAction\",\"target\":{\"@type\":\"EntryPoint\",\"urlTemplate\":\"https:\/\/ledspark.ch\/?s={search_term_string}\"},\"query-input\":{\"@type\":\"PropertyValueSpecification\",\"valueRequired\":true,\"valueName\":\"search_term_string\"}}],\"inLanguage\":\"fr-FR\"},{\"@type\":\"Organization\",\"@id\":\"https:\/\/ledspark.ch\/#organization\",\"name\":\"LEDsPARK\",\"url\":\"https:\/\/ledspark.ch\/\",\"logo\":{\"@type\":\"ImageObject\",\"inLanguage\":\"fr-FR\",\"@id\":\"https:\/\/ledspark.ch\/#\/schema\/logo\/image\/\",\"url\":\"https:\/\/ledspark.ch\/wp-content\/uploads\/2025\/12\/LesPark_LOGO_icon.png\",\"contentUrl\":\"https:\/\/ledspark.ch\/wp-content\/uploads\/2025\/12\/LesPark_LOGO_icon.png\",\"width\":324,\"height\":268,\"caption\":\"LEDsPARK\"},\"image\":{\"@id\":\"https:\/\/ledspark.ch\/#\/schema\/logo\/image\/\"}}]}<\/script>\n<!-- \/ Yoast SEO plugin. -->","yoast_head_json":{"title":"Contactez-nous - LEDsPARK","robots":{"index":"index","follow":"follow","max-snippet":"max-snippet:-1","max-image-preview":"max-image-preview:large","max-video-preview":"max-video-preview:-1"},"canonical":"https:\/\/ledspark.ch\/fr\/contactez-nous\/","og_locale":"fr_FR","og_type":"article","og_title":"Contactez-nous - LEDsPARK","og_url":"https:\/\/ledspark.ch\/fr\/contactez-nous\/","og_site_name":"LEDsPARK","article_modified_time":"2026-02-23T16:15:09+00:00","twitter_card":"summary_large_image","twitter_misc":{"Dur\u00e9e de lecture estim\u00e9e":"1 minute"},"schema":{"@context":"https:\/\/schema.org","@graph":[{"@type":"WebPage","@id":"https:\/\/ledspark.ch\/fr\/contactez-nous\/","url":"https:\/\/ledspark.ch\/fr\/contactez-nous\/","name":"Contactez-nous - LEDsPARK","isPartOf":{"@id":"https:\/\/ledspark.ch\/#website"},"datePublished":"2025-11-24T04:54:59+00:00","dateModified":"2026-02-23T16:15:09+00:00","breadcrumb":{"@id":"https:\/\/ledspark.ch\/fr\/contactez-nous\/#breadcrumb"},"inLanguage":"fr-FR","potentialAction":[{"@type":"ReadAction","target":["https:\/\/ledspark.ch\/fr\/contactez-nous\/"]}]},{"@type":"BreadcrumbList","@id":"https:\/\/ledspark.ch\/fr\/contactez-nous\/#breadcrumb","itemListElement":[{"@type":"ListItem","position":1,"name":"Home","item":"https:\/\/ledspark.ch\/fr\/"},{"@type":"ListItem","position":2,"name":"Contactez-nous"}]},{"@type":"WebSite","@id":"https:\/\/ledspark.ch\/#website","url":"https:\/\/ledspark.ch\/","name":"LEDsPARK","description":"","publisher":{"@id":"https:\/\/ledspark.ch\/#organization"},"potentialAction":[{"@type":"SearchAction","target":{"@type":"EntryPoint","urlTemplate":"https:\/\/ledspark.ch\/?s={search_term_string}"},"query-input":{"@type":"PropertyValueSpecification","valueRequired":true,"valueName":"search_term_string"}}],"inLanguage":"fr-FR"},{"@type":"Organization","@id":"https:\/\/ledspark.ch\/#organization","name":"LEDsPARK","url":"https:\/\/ledspark.ch\/","logo":{"@type":"ImageObject","inLanguage":"fr-FR","@id":"https:\/\/ledspark.ch\/#\/schema\/logo\/image\/","url":"https:\/\/ledspark.ch\/wp-content\/uploads\/2025\/12\/LesPark_LOGO_icon.png","contentUrl":"https:\/\/ledspark.ch\/wp-content\/uploads\/2025\/12\/LesPark_LOGO_icon.png","width":324,"height":268,"caption":"LEDsPARK"},"image":{"@id":"https:\/\/ledspark.ch\/#\/schema\/logo\/image\/"}}]}},"_links":{"self":[{"href":"https:\/\/ledspark.ch\/fr\/wp-json\/wp\/v2\/pages\/937","targetHints":{"allow":["GET"]}}],"collection":[{"href":"https:\/\/ledspark.ch\/fr\/wp-json\/wp\/v2\/pages"}],"about":[{"href":"https:\/\/ledspark.ch\/fr\/wp-json\/wp\/v2\/types\/page"}],"author":[{"embeddable":true,"href":"https:\/\/ledspark.ch\/fr\/wp-json\/wp\/v2\/users\/2"}],"replies":[{"embeddable":true,"href":"https:\/\/ledspark.ch\/fr\/wp-json\/wp\/v2\/comments?post=937"}],"version-history":[{"count":8,"href":"https:\/\/ledspark.ch\/fr\/wp-json\/wp\/v2\/pages\/937\/revisions"}],"predecessor-version":[{"id":1304,"href":"https:\/\/ledspark.ch\/fr\/wp-json\/wp\/v2\/pages\/937\/revisions\/1304"}],"wp:attachment":[{"href":"https:\/\/ledspark.ch\/fr\/wp-json\/wp\/v2\/media?parent=937"}],"curies":[{"name":"wp","href":"https:\/\/api.w.org\/{rel}","templated":true}]}}